{"id":2366,"date":"2023-09-22T17:58:47","date_gmt":"2023-09-22T20:58:47","guid":{"rendered":"https:\/\/cosmicmagia.com\/?post_type=product&#038;p=2366"},"modified":"2025-05-02T18:30:59","modified_gmt":"2025-05-02T21:30:59","slug":"s-o-s-ansiedade","status":"publish","type":"product","link":"https:\/\/cosmicmagia.com\/index.php\/product\/s-o-s-ansiedade\/","title":{"rendered":"S.O.S Ansiedade"},"content":{"rendered":"<p dir=\"ltr\">\u00d3leo essencial de Lavanda: \u00f3leo do equil\u00edbrio emocional. Indicado para dores de cabe\u00e7a, ins\u00f4nia, impaci\u00eancia, preocupa\u00e7\u00f5es, medos\u00a0 e estados de choque. Proporciona leveza e acalma estados conturbados.<\/p>\n<p dir=\"ltr\">\u00d3leo essencial de Litsea Cubeba:\u00a0 equil\u00edbrio mental e emocional. Indicado para palpita\u00e7\u00f5es, taquicardias, dores estomacais e dist\u00farbios do sono. Proporciona sensa\u00e7\u00e3o de acolhimento.<\/p>\n<p>&nbsp;<\/p>\n<p dir=\"ltr\">\u00d3leo essencial Ol\u00edbano: Supera\u00e7\u00e3o dos medos, coragem e prote\u00e7\u00e3o espiritual.<\/p>\n<p dir=\"ltr\">\u00d3leo essencial de Vetiver: \u00d3leo da tranquilidade e aterramento. Estimula a persist\u00eancia, realiza\u00e7\u00e3o de ideias e sonhos<\/p>\n<p>&nbsp;<\/p>\n","protected":false},"excerpt":{"rendered":"<p><span style=\"font-weight: 400;\">O S.O.S Ansiedade \u00e9 um spray de aura com propriedades calmantes e ansiol\u00edticas. Uma combina\u00e7\u00e3o tranquilizante de \u00f3leos essenciais que promove o equil\u00edbrio mental, emocional e acalma estados conturbados. Indicado para crises de ansiedade, palpita\u00e7\u00f5es, taquicardia, impaci\u00eancia, preocupa\u00e7\u00f5es e medos. <\/span><\/p>\n","protected":false},"featured_media":2367,"comment_status":"open","ping_status":"closed","template":"","meta":{"site-sidebar-layout":"default","site-content-layout":"","ast-site-content-layout":"default","site-content-style":"default","site-sidebar-style":"default","ast-global-header-display":"","ast-banner-title-visibility":"","ast-main-header-display":"","ast-hfb-above-header-display":"","ast-hfb-below-header-display":"","ast-hfb-mobile-header-display":"","site-post-title":"","ast-breadcrumbs-content":"","ast-featured-img":"","footer-sml-layout":"","theme-transparent-header-meta":"default","adv-header-id-meta":"","stick-header-meta":"","header-above-stick-meta":"","header-main-stick-meta":"","header-below-stick-meta":"","astra-migrate-meta-layouts":"set","ast-page-background-enabled":"default","ast-page-background-meta":{"desktop":{"background-color":"","background-image":"","background-repeat":"repeat","background-position":"center center","background-size":"auto","background-attachment":"scroll","background-type":"","background-media":"","overlay-type":"","overlay-color":"","overlay-opacity":"","overlay-gradient":""},"tablet":{"background-color":"","background-image":"","background-repeat":"repeat","background-position":"center center","background-size":"auto","background-attachment":"scroll","background-type":"","background-media":"","overlay-type":"","overlay-color":"","overlay-opacity":"","overlay-gradient":""},"mobile":{"background-color":"","background-image":"","background-repeat":"repeat","background-position":"center center","background-size":"auto","background-attachment":"scroll","background-type":"","background-media":"","overlay-type":"","overlay-color":"","overlay-opacity":"","overlay-gradient":""}},"ast-content-background-meta":{"desktop":{"background-color":"var(--ast-global-color-5)","background-image":"","background-repeat":"repeat","background-position":"center center","background-size":"auto","background-attachment":"scroll","background-type":"","background-media":"","overlay-type":"","overlay-color":"","overlay-opacity":"","overlay-gradient":""},"tablet":{"background-color":"var(--ast-global-color-5)","background-image":"","background-repeat":"repeat","background-position":"center center","background-size":"auto","background-attachment":"scroll","background-type":"","background-media":"","overlay-type":"","overlay-color":"","overlay-opacity":"","overlay-gradient":""},"mobile":{"background-color":"var(--ast-global-color-5)","background-image":"","background-repeat":"repeat","background-position":"center center","background-size":"auto","background-attachment":"scroll","background-type":"","background-media":"","overlay-type":"","overlay-color":"","overlay-opacity":"","overlay-gradient":""}}},"product_brand":[],"product_cat":[25],"product_tag":[],"class_list":{"0":"post-2366","1":"product","2":"type-product","3":"status-publish","4":"has-post-thumbnail","6":"product_cat-sprays-de-aura","7":"desktop-align-left","8":"tablet-align-left","9":"mobile-align-left","11":"first","12":"instock","13":"featured","14":"shipping-taxable","15":"purchasable","16":"product-type-simple"},"jetpack_sharing_enabled":true,"_links":{"self":[{"href":"https:\/\/cosmicmagia.com\/index.php\/wp-json\/wp\/v2\/product\/2366","targetHints":{"allow":["GET"]}}],"collection":[{"href":"https:\/\/cosmicmagia.com\/index.php\/wp-json\/wp\/v2\/product"}],"about":[{"href":"https:\/\/cosmicmagia.com\/index.php\/wp-json\/wp\/v2\/types\/product"}],"replies":[{"embeddable":true,"href":"https:\/\/cosmicmagia.com\/index.php\/wp-json\/wp\/v2\/comments?post=2366"}],"wp:featuredmedia":[{"embeddable":true,"href":"https:\/\/cosmicmagia.com\/index.php\/wp-json\/wp\/v2\/media\/2367"}],"wp:attachment":[{"href":"https:\/\/cosmicmagia.com\/index.php\/wp-json\/wp\/v2\/media?parent=2366"}],"wp:term":[{"taxonomy":"product_brand","embeddable":true,"href":"https:\/\/cosmicmagia.com\/index.php\/wp-json\/wp\/v2\/product_brand?post=2366"},{"taxonomy":"product_cat","embeddable":true,"href":"https:\/\/cosmicmagia.com\/index.php\/wp-json\/wp\/v2\/product_cat?post=2366"},{"taxonomy":"product_tag","embeddable":true,"href":"https:\/\/cosmicmagia.com\/index.php\/wp-json\/wp\/v2\/product_tag?post=2366"}],"curies":[{"name":"wp","href":"https:\/\/api.w.org\/{rel}","templated":true}]}}