{"id":2861,"date":"2023-10-16T17:36:44","date_gmt":"2023-10-16T20:36:44","guid":{"rendered":"https:\/\/cosmicmagia.com\/?post_type=product&#038;p=2861"},"modified":"2024-07-01T14:53:28","modified_gmt":"2024-07-01T17:53:28","slug":"cristais-7-chakras","status":"publish","type":"product","link":"https:\/\/cosmicmagia.com\/index.php\/product\/cristais-7-chakras\/","title":{"rendered":"CRISTAIS 7 CHAKRAS"},"content":{"rendered":"<p>Kit\u00a0 7 Chakras,\u00a0 com os cristais correspondentes de cada um.<\/p>\n<p>&nbsp;<\/p>\n<p><span style=\"font-weight: 400;\">Nosso corpo \u00e9 movido por energia,\u00a0 com base nos estudos do hindu\u00edsmo e do budismo, temos 7 centros de energia vital, os chamados <\/span><i><span style=\"font-weight: 400;\">Chakras<\/span><\/i><span style=\"font-weight: 400;\">. A palavra Chakra vem do s\u00e2nscrito, significa &#8220;roda&#8221;. Os 7 Chakras s\u00e3o v\u00f3rtices de energia, girando e emitindo energia para o nosso corpo. Cada chakra est\u00e1 ligado a \u00f3rg\u00e3os e sistemas do nosso organismo e influenciam em \u00e1reas espec\u00edficas da nossa vida. <\/span><span style=\"font-weight: 400;\">A medita\u00e7\u00e3o com os cristais a ajuda a manter a energia em equil\u00edbrio. Para potencializar, voc\u00ea deve colocar o cristal correspondente no local onde encontra-se o chakra no corpo.\u00a0<\/span><\/p>\n<p>&nbsp;<\/p>\n<p><b>\u00a0Chakra Ra\u00edz : <\/b><span style=\"font-weight: 400;\">Cornalina &#8211;\u00a0 pedra vitalizante, estabilizadora de energia. Ela favorece o sucesso profissional, fortalece a sa\u00fade e a for\u00e7a vital. Ajuda a ter sensa\u00e7\u00e3o de coragem e espantar medos.<\/span><\/p>\n<p>&nbsp;<\/p>\n<p><b>Chakra Sacral: <\/b><span style=\"font-weight: 400;\">Jaspe &#8211; Pedra de prote\u00e7\u00e3o, muito poderosa. Proporciona prote\u00e7\u00e3o energ\u00e9tica e espiritual, bloqueia e neutraliza ataques espirituais. Ajuda no fortalecimento pessoal, e fortalece a energia sexual. Auxilia em momentos de dificuldade, mantendo o centramento e a calma.\u00a0<\/span><\/p>\n<p>&nbsp;<\/p>\n<p><b>Chakra do Plexo Solar: <\/b><span style=\"font-weight: 400;\">Citrino &#8211;\u00a0 conhecido como o cristal da prosperidade, por atrair abunda\u0302ncia, bons nego\u0301cios e sucesso financeiro. Tambe\u0301m e\u0301 a pedra do poder pessoal, por transmitir forc\u0327a, alegria de viver, carregado com a forte energia solar. O citrino amarelo ajuda a desenvolver a criatividade e aumentar a autoconfianc\u0327a.\u00a0<\/span><\/p>\n<p>&nbsp;<\/p>\n<p><b>Chakra Card\u00edaco:\u00a0<\/b><span style=\"font-weight: 400;\">Quartzo Rosa &#8211; Chamado de pedra do amor tem o poder de emanar o amor universal, o amor incondicional puro. Estimula o amor pr\u00f3prio, o autoconhecimento, o perd\u00e3o e a aceita\u00e7\u00e3o. Ele purifica intensamente, inspira a cura emocional, acalma a mente, limpa o cora\u00e7\u00e3o e ajuda a evitar sentimentos negativos.<\/span><\/p>\n<p>&nbsp;<\/p>\n<p><strong><b>Chakra Lar\u00edngeo: <\/b><\/strong><span style=\"font-weight: 400;\">\u00a0\u00c1gua Marinha &#8211; considerada a pedra da coragem, \u00e9 uma pedra com energia calmante, ajuda a reduzir o estresse e acalmar a mente. Estimula a nossa auto responsabilidade, facilita a comunica\u00e7\u00e3o e tamb\u00e9m evoca estados elevados de consci\u00eancia.<\/span><\/p>\n<p>&nbsp;<\/p>\n<p><strong><b>\u00a0Chakra do Terceiro Olho: <\/b><\/strong><span style=\"font-weight: 400;\">Sodalita &#8211;<\/span><span style=\"font-weight: 400;\"> Considerado o cristal da intui\u00e7\u00e3o, fortalece a espiritualidade, aumenta a intui\u00e7\u00e3o, equilibra pensamentos, facilita a medita\u00e7\u00e3o\u00a0 e acalma a mente. Ideal para a medita\u00e7\u00e3o pois ajuda a ativar a gl\u00e2ndula pineal, localizada no terceiro olho.\u00a0 Ajuda a mente a atingir n\u00edveis mais elevados de consci\u00eancia e acalma emo\u00e7\u00f5es. Protege contra o efeito negativo dos raios de aparelhos celulares.<\/span><\/p>\n<p>&nbsp;<\/p>\n<p><b>Chakra da Coroa: <span style=\"font-weight: 400;\">Considerado o cristal da prote\u00e7\u00e3o, da espiritualidade e da cura. Essa pedra \u00e9 essencial para a conex\u00e3o espiritual e com os planos astrais, tamb\u00e9m para o crescimento neste sentido. Ela ajuda na concentra\u00e7\u00e3o e por isso \u00e9 \u00f3tima para medita\u00e7\u00e3o, j\u00e1 que facilita para atingir n\u00edveis mais profundos de consci\u00eancia. Tamb\u00e9m \u00e9 uma pedra que fortalece a nossa intui\u00e7\u00e3o, protege a mente das\u00a0 energias negativas, estimula nossa mem\u00f3ria e motiva\u00e7\u00e3o. <\/span><\/b><\/p>\n","protected":false},"excerpt":{"rendered":"<p>Kit\u00a0 7 Chakras,\u00a0 com os cristais correspondentes de cada um. &nbsp; Nosso corpo \u00e9 movido por energia,\u00a0 com base nos estudos do hindu\u00edsmo e do budismo, temos 7 centros de energia vital, os chamados Chakras. A palavra Chakra vem do s\u00e2nscrito, significa &#8220;roda&#8221;. Os 7 Chakras s\u00e3o v\u00f3rtices de energia, girando e emitindo energia para [&hellip;]<\/p>\n","protected":false},"featured_media":2862,"comment_status":"open","ping_status":"closed","template":"","meta":{"site-sidebar-layout":"default","site-content-layout":"","ast-site-content-layout":"default","site-content-style":"default","site-sidebar-style":"default","ast-global-header-display":"","ast-banner-title-visibility":"","ast-main-header-display":"","ast-hfb-above-header-display":"","ast-hfb-below-header-display":"","ast-hfb-mobile-header-display":"","site-post-title":"","ast-breadcrumbs-content":"","ast-featured-img":"","footer-sml-layout":"","theme-transparent-header-meta":"default","adv-header-id-meta":"","stick-header-meta":"","header-above-stick-meta":"","header-main-stick-meta":"","header-below-stick-meta":"","astra-migrate-meta-layouts":"set","ast-page-background-enabled":"default","ast-page-background-meta":{"desktop":{"background-color":"","background-image":"","background-repeat":"repeat","background-position":"center center","background-size":"auto","background-attachment":"scroll","background-type":"","background-media":"","overlay-type":"","overlay-color":"","overlay-opacity":"","overlay-gradient":""},"tablet":{"background-color":"","background-image":"","background-repeat":"repeat","background-position":"center center","background-size":"auto","background-attachment":"scroll","background-type":"","background-media":"","overlay-type":"","overlay-color":"","overlay-opacity":"","overlay-gradient":""},"mobile":{"background-color":"","background-image":"","background-repeat":"repeat","background-position":"center center","background-size":"auto","background-attachment":"scroll","background-type":"","background-media":"","overlay-type":"","overlay-color":"","overlay-opacity":"","overlay-gradient":""}},"ast-content-background-meta":{"desktop":{"background-color":"var(--ast-global-color-5)","background-image":"","background-repeat":"repeat","background-position":"center center","background-size":"auto","background-attachment":"scroll","background-type":"","background-media":"","overlay-type":"","overlay-color":"","overlay-opacity":"","overlay-gradient":""},"tablet":{"background-color":"var(--ast-global-color-5)","background-image":"","background-repeat":"repeat","background-position":"center center","background-size":"auto","background-attachment":"scroll","background-type":"","background-media":"","overlay-type":"","overlay-color":"","overlay-opacity":"","overlay-gradient":""},"mobile":{"background-color":"var(--ast-global-color-5)","background-image":"","background-repeat":"repeat","background-position":"center center","background-size":"auto","background-attachment":"scroll","background-type":"","background-media":"","overlay-type":"","overlay-color":"","overlay-opacity":"","overlay-gradient":""}}},"product_brand":[],"product_cat":[26,30],"product_tag":[],"class_list":{"0":"post-2861","1":"product","2":"type-product","3":"status-publish","4":"has-post-thumbnail","6":"product_cat-cristais","7":"product_cat-kits","8":"desktop-align-left","9":"tablet-align-left","10":"mobile-align-left","12":"first","13":"instock","14":"shipping-taxable","15":"purchasable","16":"product-type-simple"},"jetpack_sharing_enabled":true,"_links":{"self":[{"href":"https:\/\/cosmicmagia.com\/index.php\/wp-json\/wp\/v2\/product\/2861","targetHints":{"allow":["GET"]}}],"collection":[{"href":"https:\/\/cosmicmagia.com\/index.php\/wp-json\/wp\/v2\/product"}],"about":[{"href":"https:\/\/cosmicmagia.com\/index.php\/wp-json\/wp\/v2\/types\/product"}],"replies":[{"embeddable":true,"href":"https:\/\/cosmicmagia.com\/index.php\/wp-json\/wp\/v2\/comments?post=2861"}],"wp:featuredmedia":[{"embeddable":true,"href":"https:\/\/cosmicmagia.com\/index.php\/wp-json\/wp\/v2\/media\/2862"}],"wp:attachment":[{"href":"https:\/\/cosmicmagia.com\/index.php\/wp-json\/wp\/v2\/media?parent=2861"}],"wp:term":[{"taxonomy":"product_brand","embeddable":true,"href":"https:\/\/cosmicmagia.com\/index.php\/wp-json\/wp\/v2\/product_brand?post=2861"},{"taxonomy":"product_cat","embeddable":true,"href":"https:\/\/cosmicmagia.com\/index.php\/wp-json\/wp\/v2\/product_cat?post=2861"},{"taxonomy":"product_tag","embeddable":true,"href":"https:\/\/cosmicmagia.com\/index.php\/wp-json\/wp\/v2\/product_tag?post=2861"}],"curies":[{"name":"wp","href":"https:\/\/api.w.org\/{rel}","templated":true}]}}