{"id":2863,"date":"2023-10-16T17:38:05","date_gmt":"2023-10-16T20:38:05","guid":{"rendered":"https:\/\/cosmicmagia.com\/?post_type=product&#038;p=2863"},"modified":"2024-07-01T14:54:11","modified_gmt":"2024-07-01T17:54:11","slug":"cristais-basicos","status":"publish","type":"product","link":"https:\/\/cosmicmagia.com\/index.php\/product\/cristais-basicos\/","title":{"rendered":"CRISTAIS B\u00c1SICOS"},"content":{"rendered":"<p>Kit com 5 cristais b\u00e1sicos, essenciais. Ideal para quem deseja iniciar o uso dos cristais.<\/p>\n<p>&nbsp;<\/p>\n<p>Citrino Amarelo: \u00c9<span style=\"font-weight: 400;\"> o cristal da prosperidade, proporciona uma forte energia solar e transmite for\u00e7a, poder e alegria de viver. Aumenta a energia vital, ajuda a desenvolver a criatividade e a express\u00e3o dos sentimentos. Emocionalmente, diminui as tend\u00eancias depressivas, desenvolve o otimismo e ativa o terceiro Chakra, mais conhecido como Plexo Solar. \u00c9 \u00f3timo para proteger das doen\u00e7as relacionadas ao frio, ajuda a manter o sistema digestivo saud\u00e1vel e nos processos de desintoxica\u00e7\u00e3o do corpo.<\/span><\/p>\n<p>&nbsp;<\/p>\n<p>Cristal de Quartzo: <span style=\"font-weight: 400;\">Mais pura fonte de energia, mais poderosa forma de prote\u00e7\u00e3o Transmite paz, pureza, pedra da ordem e da perfei\u00e7\u00e3o. Potencializa a clarivid\u00eancia e a intui\u00e7\u00e3o de quem a possui, desbloqueia a energia de todos os Chakras. Desperta o chamado da alma, cria harmonia. Ativa o pensamento positivo, clareza, fluidez do racioc\u00ednio. Alivia o estresse, amplia e transmite energia positiva para pessoas e lugares.\u00a0<\/span><\/p>\n<p>&nbsp;<\/p>\n<p>Quartzo Rosa: C<span style=\"font-weight: 400;\">onhecido como a pedra do amor, o Quartzo Rosa tem o poder de resolver problemas emocionais e de criar um forte campo de acesso ao amor incondicional. Ele purifica intensamente, inspira a cura emocional, fortalece e o amor pr\u00f3prio, acalma a mente, elimina preocupa\u00e7\u00f5es e possibilita harmonia e paz em relacionamentos estabelecidos e no ambiente familiar. Espiritualmente, ativa o Chakra Card\u00edaco e proporciona uma melhor compreens\u00e3o e interpreta\u00e7\u00e3o dos nossos sonhos.<\/span><\/p>\n<p>&nbsp;<\/p>\n<p>Quartzo Verde: <span style=\"font-weight: 400;\">Considerada a pedra da sa\u00fade, da vitalidade e energizador de ambientes. Essa pedra transmite energia curativa, fortalece a sa\u00fade, alimenta o poder da auto cura. Protege do vampirismo energ\u00e9tico, transforma energia negativa em positiva. Atrai prosperidade, aumenta o n\u00edvel de energia, elimina cansa\u00e7o f\u00edsico e mental, equilibra as emo\u00e7\u00f5es, fortalece o metabolismo.\u00a0<\/span><\/p>\n<p>&nbsp;<\/p>\n<p>\u00d4nix: <span style=\"font-weight: 400;\">A pedra do poder, da realiza\u00e7\u00e3o pessoal e um poderoso amuleto de prote\u00e7\u00e3o. A vibra\u00e7\u00e3o dessa pedra canaliza energias para atingir metas e nos mant\u00e9m seguros e centrados mesmo em situa\u00e7\u00f5es dif\u00edceis. Ela fortalece a sa\u00fade, amplia a for\u00e7a mental e f\u00edsica, aumenta o autocontrole, afasta os pensamentos negativos e ajuda a\u00a0 vencer os medos. Repele ataques espirituais, purifica todo o nosso campo de energia pessoal, afasta m\u00e1s energias e pessoas mal intencionadas. Pode ser usada como amuleto em colares e tamb\u00e9m no ambiente\u00a0<\/span><\/p>\n<p>&nbsp;<\/p>\n","protected":false},"excerpt":{"rendered":"<p>Kit com 5 cristais b\u00e1sicos, essenciais. Ideal para quem deseja iniciar o uso dos cristais. &nbsp; Citrino Amarelo: \u00c9 o cristal da prosperidade, proporciona uma forte energia solar e transmite for\u00e7a, poder e alegria de viver. Aumenta a energia vital, ajuda a desenvolver a criatividade e a express\u00e3o dos sentimentos. Emocionalmente, diminui as tend\u00eancias depressivas, [&hellip;]<\/p>\n","protected":false},"featured_media":2864,"comment_status":"open","ping_status":"closed","template":"","meta":{"site-sidebar-layout":"default","site-content-layout":"","ast-site-content-layout":"default","site-content-style":"default","site-sidebar-style":"default","ast-global-header-display":"","ast-banner-title-visibility":"","ast-main-header-display":"","ast-hfb-above-header-display":"","ast-hfb-below-header-display":"","ast-hfb-mobile-header-display":"","site-post-title":"","ast-breadcrumbs-content":"","ast-featured-img":"","footer-sml-layout":"","theme-transparent-header-meta":"default","adv-header-id-meta":"","stick-header-meta":"","header-above-stick-meta":"","header-main-stick-meta":"","header-below-stick-meta":"","astra-migrate-meta-layouts":"set","ast-page-background-enabled":"default","ast-page-background-meta":{"desktop":{"background-color":"","background-image":"","background-repeat":"repeat","background-position":"center center","background-size":"auto","background-attachment":"scroll","background-type":"","background-media":"","overlay-type":"","overlay-color":"","overlay-opacity":"","overlay-gradient":""},"tablet":{"background-color":"","background-image":"","background-repeat":"repeat","background-position":"center center","background-size":"auto","background-attachment":"scroll","background-type":"","background-media":"","overlay-type":"","overlay-color":"","overlay-opacity":"","overlay-gradient":""},"mobile":{"background-color":"","background-image":"","background-repeat":"repeat","background-position":"center center","background-size":"auto","background-attachment":"scroll","background-type":"","background-media":"","overlay-type":"","overlay-color":"","overlay-opacity":"","overlay-gradient":""}},"ast-content-background-meta":{"desktop":{"background-color":"var(--ast-global-color-5)","background-image":"","background-repeat":"repeat","background-position":"center center","background-size":"auto","background-attachment":"scroll","background-type":"","background-media":"","overlay-type":"","overlay-color":"","overlay-opacity":"","overlay-gradient":""},"tablet":{"background-color":"var(--ast-global-color-5)","background-image":"","background-repeat":"repeat","background-position":"center center","background-size":"auto","background-attachment":"scroll","background-type":"","background-media":"","overlay-type":"","overlay-color":"","overlay-opacity":"","overlay-gradient":""},"mobile":{"background-color":"var(--ast-global-color-5)","background-image":"","background-repeat":"repeat","background-position":"center center","background-size":"auto","background-attachment":"scroll","background-type":"","background-media":"","overlay-type":"","overlay-color":"","overlay-opacity":"","overlay-gradient":""}}},"product_brand":[],"product_cat":[26,30],"product_tag":[],"class_list":{"0":"post-2863","1":"product","2":"type-product","3":"status-publish","4":"has-post-thumbnail","6":"product_cat-cristais","7":"product_cat-kits","8":"desktop-align-left","9":"tablet-align-left","10":"mobile-align-left","12":"first","13":"instock","14":"shipping-taxable","15":"purchasable","16":"product-type-simple"},"jetpack_sharing_enabled":true,"_links":{"self":[{"href":"https:\/\/cosmicmagia.com\/index.php\/wp-json\/wp\/v2\/product\/2863","targetHints":{"allow":["GET"]}}],"collection":[{"href":"https:\/\/cosmicmagia.com\/index.php\/wp-json\/wp\/v2\/product"}],"about":[{"href":"https:\/\/cosmicmagia.com\/index.php\/wp-json\/wp\/v2\/types\/product"}],"replies":[{"embeddable":true,"href":"https:\/\/cosmicmagia.com\/index.php\/wp-json\/wp\/v2\/comments?post=2863"}],"wp:featuredmedia":[{"embeddable":true,"href":"https:\/\/cosmicmagia.com\/index.php\/wp-json\/wp\/v2\/media\/2864"}],"wp:attachment":[{"href":"https:\/\/cosmicmagia.com\/index.php\/wp-json\/wp\/v2\/media?parent=2863"}],"wp:term":[{"taxonomy":"product_brand","embeddable":true,"href":"https:\/\/cosmicmagia.com\/index.php\/wp-json\/wp\/v2\/product_brand?post=2863"},{"taxonomy":"product_cat","embeddable":true,"href":"https:\/\/cosmicmagia.com\/index.php\/wp-json\/wp\/v2\/product_cat?post=2863"},{"taxonomy":"product_tag","embeddable":true,"href":"https:\/\/cosmicmagia.com\/index.php\/wp-json\/wp\/v2\/product_tag?post=2863"}],"curies":[{"name":"wp","href":"https:\/\/api.w.org\/{rel}","templated":true}]}}