{"id":2874,"date":"2023-10-25T20:55:18","date_gmt":"2023-10-25T23:55:18","guid":{"rendered":"https:\/\/cosmicmagia.com\/?post_type=product&#038;p=2874"},"modified":"2025-04-24T18:03:16","modified_gmt":"2025-04-24T21:03:16","slug":"cristais-para-acalmar","status":"publish","type":"product","link":"https:\/\/cosmicmagia.com\/index.php\/product\/cristais-para-acalmar\/","title":{"rendered":"CRISTAIS PARA ACALMAR"},"content":{"rendered":"<p>Kit de 3 cristais com propriedades calmantes.<\/p>\n<p>\u00c1gua Marinha: Cristal de<span style=\"font-weight: 400;\"> efeito calmante que reduz\u00a0 a ansiedade, o estresse, tranquiliza a mente e eleva a espiritualidade. \u00c9 uma pedra extremamente suave, traz clareza de pensamento e trabalha com a capacidade de express\u00e3o de pensamentos e sentimentos. Ela ativa o Chakra Lar\u00edngeo &#8211;\u00a0 ligado \u00e0 comunica\u00e7\u00e3o. Acalma as emo\u00e7\u00f5es, ajuda na cura de traumas e medos antigos, auxilia tamb\u00e9m em casos de depress\u00e3o e aumenta nossa energia.<\/span><\/p>\n<p>&nbsp;<\/p>\n<p>Cristal de Quartzo: <span style=\"font-weight: 400;\">Mais pura fonte de energia, mais poderosa forma de prote\u00e7\u00e3o. Transmite paz, pureza, \u00e9 a pedra da ordem e da perfei\u00e7\u00e3o. Potencializa a clarivid\u00eancia e a intui\u00e7\u00e3o de quem a possui, desbloqueia a energia de todos os Chakras. Desperta o chamado da alma, cria harmonia. Ativa o pensamento positivo, clareza, fluidez do racioc\u00ednio. Alivia o estresse, amplia e transmite energia positiva para pessoas e lugares.\u00a0<\/span><\/p>\n<p>&nbsp;<\/p>\n<p>Sodalita: <span style=\"font-weight: 400;\">Considerado o cristal da intui\u00e7\u00e3o, fortalece a espiritualidade, aumenta a intui\u00e7\u00e3o, facilita a medita\u00e7\u00e3o\u00a0 e acalma a mente. Ideal para a medita\u00e7\u00e3o ajuda a ativar a gl\u00e2ndula pineal, localizada no terceiro olho.\u00a0 Ajuda a mente a atingir n\u00edveis mais elevados de consci\u00eancia, acalma emo\u00e7\u00f5es. Protege contra o efeito negativo dos raios dos aparelhos\u00a0 celulares . Equilibra os pensamentos. <\/span><\/p>\n","protected":false},"excerpt":{"rendered":"<p>Kit de 3 cristais com propriedades calmantes. \u00c1gua Marinha: Cristal de efeito calmante que reduz\u00a0 a ansiedade, o estresse, tranquiliza a mente e eleva a espiritualidade. \u00c9 uma pedra extremamente suave, traz clareza de pensamento e trabalha com a capacidade de express\u00e3o de pensamentos e sentimentos. Ela ativa o Chakra Lar\u00edngeo &#8211;\u00a0 ligado \u00e0 comunica\u00e7\u00e3o. [&hellip;]<\/p>\n","protected":false},"featured_media":2875,"comment_status":"open","ping_status":"closed","template":"","meta":{"site-sidebar-layout":"default","site-content-layout":"","ast-site-content-layout":"default","site-content-style":"default","site-sidebar-style":"default","ast-global-header-display":"","ast-banner-title-visibility":"","ast-main-header-display":"","ast-hfb-above-header-display":"","ast-hfb-below-header-display":"","ast-hfb-mobile-header-display":"","site-post-title":"","ast-breadcrumbs-content":"","ast-featured-img":"","footer-sml-layout":"","theme-transparent-header-meta":"default","adv-header-id-meta":"","stick-header-meta":"","header-above-stick-meta":"","header-main-stick-meta":"","header-below-stick-meta":"","astra-migrate-meta-layouts":"set","ast-page-background-enabled":"default","ast-page-background-meta":{"desktop":{"background-color":"","background-image":"","background-repeat":"repeat","background-position":"center center","background-size":"auto","background-attachment":"scroll","background-type":"","background-media":"","overlay-type":"","overlay-color":"","overlay-opacity":"","overlay-gradient":""},"tablet":{"background-color":"","background-image":"","background-repeat":"repeat","background-position":"center center","background-size":"auto","background-attachment":"scroll","background-type":"","background-media":"","overlay-type":"","overlay-color":"","overlay-opacity":"","overlay-gradient":""},"mobile":{"background-color":"","background-image":"","background-repeat":"repeat","background-position":"center center","background-size":"auto","background-attachment":"scroll","background-type":"","background-media":"","overlay-type":"","overlay-color":"","overlay-opacity":"","overlay-gradient":""}},"ast-content-background-meta":{"desktop":{"background-color":"var(--ast-global-color-5)","background-image":"","background-repeat":"repeat","background-position":"center center","background-size":"auto","background-attachment":"scroll","background-type":"","background-media":"","overlay-type":"","overlay-color":"","overlay-opacity":"","overlay-gradient":""},"tablet":{"background-color":"var(--ast-global-color-5)","background-image":"","background-repeat":"repeat","background-position":"center center","background-size":"auto","background-attachment":"scroll","background-type":"","background-media":"","overlay-type":"","overlay-color":"","overlay-opacity":"","overlay-gradient":""},"mobile":{"background-color":"var(--ast-global-color-5)","background-image":"","background-repeat":"repeat","background-position":"center center","background-size":"auto","background-attachment":"scroll","background-type":"","background-media":"","overlay-type":"","overlay-color":"","overlay-opacity":"","overlay-gradient":""}}},"product_brand":[],"product_cat":[26,30],"product_tag":[],"class_list":{"0":"post-2874","1":"product","2":"type-product","3":"status-publish","4":"has-post-thumbnail","6":"product_cat-cristais","7":"product_cat-kits","8":"desktop-align-left","9":"tablet-align-left","10":"mobile-align-left","12":"first","13":"instock","14":"shipping-taxable","15":"purchasable","16":"product-type-simple"},"jetpack_sharing_enabled":true,"_links":{"self":[{"href":"https:\/\/cosmicmagia.com\/index.php\/wp-json\/wp\/v2\/product\/2874","targetHints":{"allow":["GET"]}}],"collection":[{"href":"https:\/\/cosmicmagia.com\/index.php\/wp-json\/wp\/v2\/product"}],"about":[{"href":"https:\/\/cosmicmagia.com\/index.php\/wp-json\/wp\/v2\/types\/product"}],"replies":[{"embeddable":true,"href":"https:\/\/cosmicmagia.com\/index.php\/wp-json\/wp\/v2\/comments?post=2874"}],"wp:featuredmedia":[{"embeddable":true,"href":"https:\/\/cosmicmagia.com\/index.php\/wp-json\/wp\/v2\/media\/2875"}],"wp:attachment":[{"href":"https:\/\/cosmicmagia.com\/index.php\/wp-json\/wp\/v2\/media?parent=2874"}],"wp:term":[{"taxonomy":"product_brand","embeddable":true,"href":"https:\/\/cosmicmagia.com\/index.php\/wp-json\/wp\/v2\/product_brand?post=2874"},{"taxonomy":"product_cat","embeddable":true,"href":"https:\/\/cosmicmagia.com\/index.php\/wp-json\/wp\/v2\/product_cat?post=2874"},{"taxonomy":"product_tag","embeddable":true,"href":"https:\/\/cosmicmagia.com\/index.php\/wp-json\/wp\/v2\/product_tag?post=2874"}],"curies":[{"name":"wp","href":"https:\/\/api.w.org\/{rel}","templated":true}]}}