{"id":2946,"date":"2024-02-15T17:58:22","date_gmt":"2024-02-15T20:58:22","guid":{"rendered":"https:\/\/cosmicmagia.com\/?post_type=product&#038;p=2946"},"modified":"2025-05-02T18:30:08","modified_gmt":"2025-05-02T21:30:08","slug":"banho-de-ervas-recarregar","status":"publish","type":"product","link":"https:\/\/cosmicmagia.com\/index.php\/product\/banho-de-ervas-recarregar\/","title":{"rendered":"Banho de Ervas Recarregar"},"content":{"rendered":"<p><b>Modo de preparo:<\/b><span style=\"font-weight: 400;\"> Em um recipiente coloque o conte\u00fado do potinho e despeje 2 litros de \u00e1gua quente fervida. Deixe as ervas\u00a0 em infus\u00e3o at\u00e9 estar morna e apropriada para o banho. Coe as ervas. Enquanto aguarda fa\u00e7a uma ora\u00e7\u00e3o, como preferir e mentalize suas inten\u00e7\u00f5es com positividade para ativar a potencialidade energ\u00e9tica do banho.<\/span><\/p>\n<p><b>Modo de uso:<\/b><span style=\"font-weight: 400;\"> Tome seu banho normalmente e em seguida, derrame sobre seu corpo o banho da prosperidade, do pesco\u00e7o para baixo. Se poss\u00edvel, seque-se naturalmente, se usar a toalha de banho, coloque-a para lavar ap\u00f3s o uso. Vista-se sem utilizar cremes ou cosm\u00e9ticos.<\/span><\/p>\n","protected":false},"excerpt":{"rendered":"<p><span style=\"font-weight: 400;\">Um banho energ\u00e9tico feito com muito amor, ideal para RECARREGAR as energias. As ervas utilizadas neste banho s\u00e3o: Alecrim, Boldo, Canela, Cravo-da-\u00edndia, Espada de S\u00e3o Jorge, Louro e Or\u00e9gano.<\/span><\/p>\n<p><span style=\"font-weight: 400;\">Cravo-da-\u00cdndia: energeticamente revigorante, estimulante,\u00a0 capaz de realizar a limpeza da aura, auxilia na prote\u00e7\u00e3o e purifica\u00e7\u00e3o.<\/span><\/p>\n<p><span style=\"font-weight: 400;\">Espada de S\u00e3o Jorge: planta conhecida por suas propriedades protetoras e de limpeza energ\u00e9tica, ajuda a afastar energias negativas e promove a coragem.<\/span><\/p>\n<p><span style=\"font-weight: 400;\">Louro: Erva considerada um s\u00edmbolo de sucesso e prote\u00e7\u00e3o.Utilizada para atrair boa sorte e prosperidade.<\/span><\/p>\n<p><span style=\"font-weight: 400;\">Or\u00e9gano: Erva associada \u00e0 purifica\u00e7\u00e3o e \u00e0 for\u00e7a vital. Ajuda a ativar a prote\u00e7\u00e3o e a afastar influ\u00eancias negativas.<\/span><\/p>\n<p><span style=\"font-weight: 400;\">Boldo: Planta reconhecida por suas propriedades de limpeza e purifica\u00e7\u00e3o. Pode ser usado para remover energias negativas e promover a harmonia.<\/span><\/p>\n<p><span style=\"font-weight: 400;\">Alecrim: Possui propriedades de purifica\u00e7\u00e3o, prote\u00e7\u00e3o e aumento da energia. Ajuda a limpar energias negativas, promover a clareza mental, paz interior e atrair boas vibra\u00e7\u00f5es.<\/span><\/p>\n<p><span style=\"font-weight: 400;\">Canela: Associada \u00e0 prosperidade, pela energia do fogo, ajuda a atrair sucesso, amor e prote\u00e7\u00e3o. A canela \u00e9 frequentemente usada para atrair boa sorte, estimular a paix\u00e3o e fortalecer a intui\u00e7\u00e3o. Sua fragr\u00e2ncia calorosa tamb\u00e9m pode criar uma atmosfera acolhedora e reconfortante.<\/span><\/p>\n<p><span style=\"font-weight: 400;\">\u00a0<\/span><\/p>\n<p>&nbsp;<\/p>\n","protected":false},"featured_media":2955,"comment_status":"open","ping_status":"closed","template":"","meta":{"site-sidebar-layout":"default","site-content-layout":"","ast-site-content-layout":"default","site-content-style":"default","site-sidebar-style":"default","ast-global-header-display":"","ast-banner-title-visibility":"","ast-main-header-display":"","ast-hfb-above-header-display":"","ast-hfb-below-header-display":"","ast-hfb-mobile-header-display":"","site-post-title":"","ast-breadcrumbs-content":"","ast-featured-img":"","footer-sml-layout":"","theme-transparent-header-meta":"default","adv-header-id-meta":"","stick-header-meta":"","header-above-stick-meta":"","header-main-stick-meta":"","header-below-stick-meta":"","astra-migrate-meta-layouts":"set","ast-page-background-enabled":"default","ast-page-background-meta":{"desktop":{"background-color":"","background-image":"","background-repeat":"repeat","background-position":"center center","background-size":"auto","background-attachment":"scroll","background-type":"","background-media":"","overlay-type":"","overlay-color":"","overlay-opacity":"","overlay-gradient":""},"tablet":{"background-color":"","background-image":"","background-repeat":"repeat","background-position":"center center","background-size":"auto","background-attachment":"scroll","background-type":"","background-media":"","overlay-type":"","overlay-color":"","overlay-opacity":"","overlay-gradient":""},"mobile":{"background-color":"","background-image":"","background-repeat":"repeat","background-position":"center center","background-size":"auto","background-attachment":"scroll","background-type":"","background-media":"","overlay-type":"","overlay-color":"","overlay-opacity":"","overlay-gradient":""}},"ast-content-background-meta":{"desktop":{"background-color":"var(--ast-global-color-5)","background-image":"","background-repeat":"repeat","background-position":"center center","background-size":"auto","background-attachment":"scroll","background-type":"","background-media":"","overlay-type":"","overlay-color":"","overlay-opacity":"","overlay-gradient":""},"tablet":{"background-color":"var(--ast-global-color-5)","background-image":"","background-repeat":"repeat","background-position":"center center","background-size":"auto","background-attachment":"scroll","background-type":"","background-media":"","overlay-type":"","overlay-color":"","overlay-opacity":"","overlay-gradient":""},"mobile":{"background-color":"var(--ast-global-color-5)","background-image":"","background-repeat":"repeat","background-position":"center center","background-size":"auto","background-attachment":"scroll","background-type":"","background-media":"","overlay-type":"","overlay-color":"","overlay-opacity":"","overlay-gradient":""}}},"product_brand":[],"product_cat":[31],"product_tag":[],"class_list":{"0":"post-2946","1":"product","2":"type-product","3":"status-publish","4":"has-post-thumbnail","6":"product_cat-banhos","7":"desktop-align-left","8":"tablet-align-left","9":"mobile-align-left","11":"first","12":"instock","13":"shipping-taxable","14":"purchasable","15":"product-type-simple"},"jetpack_sharing_enabled":true,"_links":{"self":[{"href":"https:\/\/cosmicmagia.com\/index.php\/wp-json\/wp\/v2\/product\/2946","targetHints":{"allow":["GET"]}}],"collection":[{"href":"https:\/\/cosmicmagia.com\/index.php\/wp-json\/wp\/v2\/product"}],"about":[{"href":"https:\/\/cosmicmagia.com\/index.php\/wp-json\/wp\/v2\/types\/product"}],"replies":[{"embeddable":true,"href":"https:\/\/cosmicmagia.com\/index.php\/wp-json\/wp\/v2\/comments?post=2946"}],"wp:featuredmedia":[{"embeddable":true,"href":"https:\/\/cosmicmagia.com\/index.php\/wp-json\/wp\/v2\/media\/2955"}],"wp:attachment":[{"href":"https:\/\/cosmicmagia.com\/index.php\/wp-json\/wp\/v2\/media?parent=2946"}],"wp:term":[{"taxonomy":"product_brand","embeddable":true,"href":"https:\/\/cosmicmagia.com\/index.php\/wp-json\/wp\/v2\/product_brand?post=2946"},{"taxonomy":"product_cat","embeddable":true,"href":"https:\/\/cosmicmagia.com\/index.php\/wp-json\/wp\/v2\/product_cat?post=2946"},{"taxonomy":"product_tag","embeddable":true,"href":"https:\/\/cosmicmagia.com\/index.php\/wp-json\/wp\/v2\/product_tag?post=2946"}],"curies":[{"name":"wp","href":"https:\/\/api.w.org\/{rel}","templated":true}]}}