{"id":2993,"date":"2024-06-14T14:26:17","date_gmt":"2024-06-14T17:26:17","guid":{"rendered":"https:\/\/cosmicmagia.com\/?post_type=product&#038;p=2993"},"modified":"2025-05-02T18:30:44","modified_gmt":"2025-05-02T21:30:44","slug":"kit-3-sprays-de-aura","status":"publish","type":"product","link":"https:\/\/cosmicmagia.com\/index.php\/product\/kit-3-sprays-de-aura\/","title":{"rendered":"Kit 3 Sprays de Aura"},"content":{"rendered":"<p>O S.O.S Ansiedade \u00e9 um spray de aura com propriedades calmantes e ansiol\u00edticas. Uma combina\u00e7\u00e3o tranquilizante de \u00f3leos essenciais que promove o equil\u00edbrio mental, emocional e acalma estados conturbados. Indicado para crises de ansiedade, palpita\u00e7\u00f5es, taquicardia, impaci\u00eancia, preocupa\u00e7\u00f5es e medos.<\/p>\n<p>O Sweet Dreams \u00e9 um spray de aura que proporciona um sono tranquilo e restaurador. Uma combina\u00e7\u00e3o tranquilizante de \u00f3leos essenciais, que possui propriedades calmantes, sedativas e ansiol\u00edticas. Ele equilibra as emo\u00e7\u00f5es, acalma estados conturbados, proporciona leveza, sensa\u00e7\u00e3o de acolhimento e melhora a ins\u00f4nia e dist\u00farbios do sono.<\/p>\n<p>O Happy Mix \u00e9 um spray de aura que promove alegria, bom humor e leveza. Uma combina\u00e7\u00e3o leve e cativante de \u00f3leos essenciais, perfeita para dar um boost de energia no seu dia. Ele promove o alto astral, estimula a criatividade e a comunica\u00e7\u00e3o, elimina preocupa\u00e7\u00f5es, resgata a vontade de viver, proporciona euforia e iniciativa para novos projetos.<\/p>\n","protected":false},"excerpt":{"rendered":"<p>Kit com 3 Sprays de Aura. Blends de \u00f3leos essenciais que auxiliam no equil\u00edbrio emocional.<\/p>\n","protected":false},"featured_media":2994,"comment_status":"open","ping_status":"closed","template":"","meta":{"site-sidebar-layout":"default","site-content-layout":"","ast-site-content-layout":"default","site-content-style":"default","site-sidebar-style":"default","ast-global-header-display":"","ast-banner-title-visibility":"","ast-main-header-display":"","ast-hfb-above-header-display":"","ast-hfb-below-header-display":"","ast-hfb-mobile-header-display":"","site-post-title":"","ast-breadcrumbs-content":"","ast-featured-img":"","footer-sml-layout":"","theme-transparent-header-meta":"default","adv-header-id-meta":"","stick-header-meta":"","header-above-stick-meta":"","header-main-stick-meta":"","header-below-stick-meta":"","astra-migrate-meta-layouts":"set","ast-page-background-enabled":"default","ast-page-background-meta":{"desktop":{"background-color":"","background-image":"","background-repeat":"repeat","background-position":"center center","background-size":"auto","background-attachment":"scroll","background-type":"","background-media":"","overlay-type":"","overlay-color":"","overlay-opacity":"","overlay-gradient":""},"tablet":{"background-color":"","background-image":"","background-repeat":"repeat","background-position":"center center","background-size":"auto","background-attachment":"scroll","background-type":"","background-media":"","overlay-type":"","overlay-color":"","overlay-opacity":"","overlay-gradient":""},"mobile":{"background-color":"","background-image":"","background-repeat":"repeat","background-position":"center center","background-size":"auto","background-attachment":"scroll","background-type":"","background-media":"","overlay-type":"","overlay-color":"","overlay-opacity":"","overlay-gradient":""}},"ast-content-background-meta":{"desktop":{"background-color":"var(--ast-global-color-5)","background-image":"","background-repeat":"repeat","background-position":"center center","background-size":"auto","background-attachment":"scroll","background-type":"","background-media":"","overlay-type":"","overlay-color":"","overlay-opacity":"","overlay-gradient":""},"tablet":{"background-color":"var(--ast-global-color-5)","background-image":"","background-repeat":"repeat","background-position":"center center","background-size":"auto","background-attachment":"scroll","background-type":"","background-media":"","overlay-type":"","overlay-color":"","overlay-opacity":"","overlay-gradient":""},"mobile":{"background-color":"var(--ast-global-color-5)","background-image":"","background-repeat":"repeat","background-position":"center center","background-size":"auto","background-attachment":"scroll","background-type":"","background-media":"","overlay-type":"","overlay-color":"","overlay-opacity":"","overlay-gradient":""}}},"product_brand":[],"product_cat":[30,25],"product_tag":[],"class_list":{"0":"post-2993","1":"product","2":"type-product","3":"status-publish","4":"has-post-thumbnail","6":"product_cat-kits","7":"product_cat-sprays-de-aura","8":"desktop-align-left","9":"tablet-align-left","10":"mobile-align-left","12":"first","13":"instock","14":"shipping-taxable","15":"purchasable","16":"product-type-simple"},"jetpack_sharing_enabled":true,"_links":{"self":[{"href":"https:\/\/cosmicmagia.com\/index.php\/wp-json\/wp\/v2\/product\/2993","targetHints":{"allow":["GET"]}}],"collection":[{"href":"https:\/\/cosmicmagia.com\/index.php\/wp-json\/wp\/v2\/product"}],"about":[{"href":"https:\/\/cosmicmagia.com\/index.php\/wp-json\/wp\/v2\/types\/product"}],"replies":[{"embeddable":true,"href":"https:\/\/cosmicmagia.com\/index.php\/wp-json\/wp\/v2\/comments?post=2993"}],"wp:featuredmedia":[{"embeddable":true,"href":"https:\/\/cosmicmagia.com\/index.php\/wp-json\/wp\/v2\/media\/2994"}],"wp:attachment":[{"href":"https:\/\/cosmicmagia.com\/index.php\/wp-json\/wp\/v2\/media?parent=2993"}],"wp:term":[{"taxonomy":"product_brand","embeddable":true,"href":"https:\/\/cosmicmagia.com\/index.php\/wp-json\/wp\/v2\/product_brand?post=2993"},{"taxonomy":"product_cat","embeddable":true,"href":"https:\/\/cosmicmagia.com\/index.php\/wp-json\/wp\/v2\/product_cat?post=2993"},{"taxonomy":"product_tag","embeddable":true,"href":"https:\/\/cosmicmagia.com\/index.php\/wp-json\/wp\/v2\/product_tag?post=2993"}],"curies":[{"name":"wp","href":"https:\/\/api.w.org\/{rel}","templated":true}]}}